{"id":513,"date":"2024-07-03T14:33:20","date_gmt":"2024-07-03T14:33:20","guid":{"rendered":"http:\/\/www.dagy.com.tr\/?page_id=513"},"modified":"2024-11-21T12:01:18","modified_gmt":"2024-11-21T12:01:18","slug":"referanslar","status":"publish","type":"page","link":"http:\/\/www.dagy.com.tr\/?page_id=513","title":{"rendered":"Referanslar"},"content":{"rendered":"\t\t<div data-elementor-type=\"wp-page\" data-elementor-id=\"513\" class=\"elementor elementor-513\">\n\t\t\t\t<div class=\"elementor-element elementor-element-a369af5 e-flex e-con-boxed e-con e-parent\" data-id=\"a369af5\" data-element_type=\"container\" data-e-type=\"container\">\n\t\t\t\t\t<div class=\"e-con-inner\">\n\t\t\t\t<div class=\"elementor-element elementor-element-c4d51e7 gallery-spacing-custom elementor-widget elementor-widget-image-gallery\" data-id=\"c4d51e7\" data-element_type=\"widget\" data-e-type=\"widget\" data-widget_type=\"image-gallery.default\">\n\t\t\t\t<div class=\"elementor-widget-container\">\n\t\t\t\t\t\t\t<div class=\"elementor-image-gallery\">\n\t\t\t<div id='gallery-1' class='gallery galleryid-513 gallery-columns-1 gallery-size-medium'><figure class='gallery-item'>\n\t\t\t<div class='gallery-icon landscape'>\n\t\t\t\t<a data-elementor-open-lightbox=\"yes\" data-elementor-lightbox-slideshow=\"c4d51e7\" data-elementor-lightbox-title=\"dagy-referanslar\" data-e-action-hash=\"#elementor-action%3Aaction%3Dlightbox%26settings%3DeyJpZCI6ODM4LCJ1cmwiOiJodHRwOlwvXC93d3cuZGFneS5jb20udHJcL3dwLWNvbnRlbnRcL3VwbG9hZHNcLzIwMjRcLzExXC9kYWd5LXJlZmVyYW5zbGFyLmpwZyIsInNsaWRlc2hvdyI6ImM0ZDUxZTcifQ%3D%3D\" href='http:\/\/www.dagy.com.tr\/wp-content\/uploads\/2024\/11\/dagy-referanslar.jpg'><img fetchpriority=\"high\" decoding=\"async\" width=\"300\" height=\"210\" src=\"http:\/\/www.dagy.com.tr\/wp-content\/uploads\/2024\/11\/dagy-referanslar-300x210.jpg\" class=\"attachment-medium size-medium\" alt=\"\" srcset=\"http:\/\/www.dagy.com.tr\/wp-content\/uploads\/2024\/11\/dagy-referanslar-300x210.jpg 300w, http:\/\/www.dagy.com.tr\/wp-content\/uploads\/2024\/11\/dagy-referanslar-1024x717.jpg 1024w, http:\/\/www.dagy.com.tr\/wp-content\/uploads\/2024\/11\/dagy-referanslar-768x538.jpg 768w, http:\/\/www.dagy.com.tr\/wp-content\/uploads\/2024\/11\/dagy-referanslar-600x420.jpg 600w, http:\/\/www.dagy.com.tr\/wp-content\/uploads\/2024\/11\/dagy-referanslar.jpg 1111w\" sizes=\"(max-width: 300px) 100vw, 300px\" \/><\/a>\n\t\t\t<\/div><\/figure>\n\t\t<\/div>\n\t\t<\/div>\n\t\t\t\t\t\t<\/div>\n\t\t\t\t<\/div>\n\t\t\t\t\t<\/div>\n\t\t\t\t<\/div>\n\t\t<div class=\"elementor-element elementor-element-bd3162c e-con-full e-flex e-con e-parent\" data-id=\"bd3162c\" data-element_type=\"container\" data-e-type=\"container\">\n\t\t\t\t<div class=\"elementor-element elementor-element-1c12acb elementor-widget__width-inherit elementor-widget elementor-widget-shortcode\" data-id=\"1c12acb\" data-element_type=\"widget\" data-e-type=\"widget\" data-widget_type=\"shortcode.default\">\n\t\t\t\t<div class=\"elementor-widget-container\">\n\t\t\t\t\t\t\t<div class=\"elementor-shortcode\">\t\t<div data-elementor-type=\"wp-post\" data-elementor-id=\"571\" class=\"elementor elementor-571\">\n\t\t\t\t<div class=\"elementor-element elementor-element-182f0a0 e-con-full e-flex e-con e-parent\" data-id=\"182f0a0\" data-element_type=\"container\" data-e-type=\"container\" data-settings=\"{&quot;background_background&quot;:&quot;classic&quot;}\">\n\t\t<div class=\"elementor-element elementor-element-4efabb1 e-con-full e-flex e-con e-child\" data-id=\"4efabb1\" data-element_type=\"container\" data-e-type=\"container\">\n\t\t<div class=\"elementor-element elementor-element-1b4f505 e-con-full e-flex e-con e-child\" data-id=\"1b4f505\" data-element_type=\"container\" data-e-type=\"container\">\n\t\t\t\t<div class=\"elementor-element elementor-element-7817376 elementor-widget elementor-widget-heading\" data-id=\"7817376\" data-element_type=\"widget\" data-e-type=\"widget\" data-widget_type=\"heading.default\">\n\t\t\t\t<div class=\"elementor-widget-container\">\n\t\t\t\t\t<h2 class=\"elementor-heading-title elementor-size-default\">Dagy Etiket Matbaa<\/h2>\t\t\t\t<\/div>\n\t\t\t\t<\/div>\n\t\t\t\t<div class=\"elementor-element elementor-element-56d2164 elementor-widget-divider--view-line elementor-widget elementor-widget-divider\" data-id=\"56d2164\" data-element_type=\"widget\" data-e-type=\"widget\" data-widget_type=\"divider.default\">\n\t\t\t\t<div class=\"elementor-widget-container\">\n\t\t\t\t\t\t\t<div class=\"elementor-divider\">\n\t\t\t<span class=\"elementor-divider-separator\">\n\t\t\t\t\t\t<\/span>\n\t\t<\/div>\n\t\t\t\t\t\t<\/div>\n\t\t\t\t<\/div>\n\t\t\t\t<div class=\"elementor-element elementor-element-be5a3e0 elementor-widget elementor-widget-text-editor\" data-id=\"be5a3e0\" data-element_type=\"widget\" data-e-type=\"widget\" data-widget_type=\"text-editor.default\">\n\t\t\t\t<div class=\"elementor-widget-container\">\n\t\t\t\t\t\t\t\t\t<p><strong>Dagy Pack<\/strong> olarak T\u00fcrkiye\u2019nin en b\u00fcy\u00fck Silindir Kutu \u00fcretimini kendi fabrikam\u0131zda yap\u0131yoruz. <br \/>Se\u00e7kin ve s\u0131n\u0131rs\u0131z tasar\u0131m se\u00e7enekleriyle Silindir Kutular\u0131m\u0131z\u0131n etkileyici deneyimini size ve m\u00fc\u015fterilerinize sunuyoruz.<\/p>\t\t\t\t\t\t\t\t<\/div>\n\t\t\t\t<\/div>\n\t\t\t\t<\/div>\n\t\t<div class=\"elementor-element elementor-element-e407831 e-con-full e-flex e-con e-child\" data-id=\"e407831\" data-element_type=\"container\" data-e-type=\"container\">\n\t\t\t\t<div class=\"elementor-element elementor-element-e3c3d8d elementor-widget elementor-widget-heading\" data-id=\"e3c3d8d\" data-element_type=\"widget\" data-e-type=\"widget\" data-widget_type=\"heading.default\">\n\t\t\t\t<div class=\"elementor-widget-container\">\n\t\t\t\t\t<h2 class=\"elementor-heading-title elementor-size-default\">Sitemizi Ke\u015ffedin<\/h2>\t\t\t\t<\/div>\n\t\t\t\t<\/div>\n\t\t\t\t<div class=\"elementor-element elementor-element-8184149 elementor-widget-divider--view-line elementor-widget elementor-widget-divider\" data-id=\"8184149\" data-element_type=\"widget\" data-e-type=\"widget\" data-widget_type=\"divider.default\">\n\t\t\t\t<div class=\"elementor-widget-container\">\n\t\t\t\t\t\t\t<div class=\"elementor-divider\">\n\t\t\t<span class=\"elementor-divider-separator\">\n\t\t\t\t\t\t<\/span>\n\t\t<\/div>\n\t\t\t\t\t\t<\/div>\n\t\t\t\t<\/div>\n\t\t\t\t<div class=\"elementor-element elementor-element-c8e69c3  footer-ul elementor-widget elementor-widget-text-editor\" data-id=\"c8e69c3\" data-element_type=\"widget\" data-e-type=\"widget\" data-widget_type=\"text-editor.default\">\n\t\t\t\t<div class=\"elementor-widget-container\">\n\t\t\t\t\t\t\t\t\t<ul style=\"list-style-type: none;\"><li class=\"footer-ul-li\"><a href=\"https:\/\/www.dagy.com.tr\/?page_id=525\">Etiket \/ Matbaa<\/a><\/li><li class=\"footer-ul-li\"><a href=\"https:\/\/www.dagy.com.tr\/?page_id=513\">Referanslar\u0131m\u0131z<\/a><\/li><li class=\"footer-ul-li\"><a href=\"https:\/\/www.dagy.com.tr\/?page_id=20\">Hakk\u0131m\u0131zda<\/a><\/li><li class=\"footer-ul-li\"><a href=\"https:\/\/www.dagy.com.tr\/?page_id=22\">\u0130leti\u015fim<\/a><\/li><li class=\"footer-ul-li\"><a href=\"https:\/\/www.dagy.com.tr\/?page_id=533\">Taslama Kutu<\/a><\/li><li class=\"footer-ul-li\"><a href=\"https:\/\/www.dagy.com.tr\/?page_id=541\">Silindir Kutu<\/a><\/li><li class=\"footer-ul-li\"><a href=\"https:\/\/www.dagy.com.tr\/?page_id=548\">Karton Kutu<\/a><\/li><\/ul>\t\t\t\t\t\t\t\t<\/div>\n\t\t\t\t<\/div>\n\t\t\t\t<\/div>\n\t\t<div class=\"elementor-element elementor-element-f71fa5f e-con-full e-flex e-con e-child\" data-id=\"f71fa5f\" data-element_type=\"container\" data-e-type=\"container\">\n\t\t\t\t<div class=\"elementor-element elementor-element-46c1a52 elementor-widget elementor-widget-heading\" data-id=\"46c1a52\" data-element_type=\"widget\" data-e-type=\"widget\" data-widget_type=\"heading.default\">\n\t\t\t\t<div class=\"elementor-widget-container\">\n\t\t\t\t\t<h2 class=\"elementor-heading-title elementor-size-default\">Bize Ula\u015f\u0131n<\/h2>\t\t\t\t<\/div>\n\t\t\t\t<\/div>\n\t\t\t\t<div class=\"elementor-element elementor-element-51d15a3 elementor-widget-divider--view-line elementor-widget elementor-widget-divider\" data-id=\"51d15a3\" data-element_type=\"widget\" data-e-type=\"widget\" data-widget_type=\"divider.default\">\n\t\t\t\t<div class=\"elementor-widget-container\">\n\t\t\t\t\t\t\t<div class=\"elementor-divider\">\n\t\t\t<span class=\"elementor-divider-separator\">\n\t\t\t\t\t\t<\/span>\n\t\t<\/div>\n\t\t\t\t\t\t<\/div>\n\t\t\t\t<\/div>\n\t\t\t\t<div class=\"elementor-element elementor-element-3c4b34f elementor-widget elementor-widget-google_maps\" data-id=\"3c4b34f\" data-element_type=\"widget\" data-e-type=\"widget\" data-widget_type=\"google_maps.default\">\n\t\t\t\t<div class=\"elementor-widget-container\">\n\t\t\t\t\t\t\t<div class=\"elementor-custom-embed\">\n\t\t\t<iframe loading=\"lazy\"\n\t\t\t\t\tsrc=\"https:\/\/maps.google.com\/maps?q=Maltepe%20Mah.%20Davutpa%C5%9Fa%20Cd.%20No%3A%20101%2F64%20Zeytinburnu%20%2F%C4%B0STANBUL&#038;t=m&#038;z=10&#038;output=embed&#038;iwloc=near\"\n\t\t\t\t\ttitle=\"Maltepe Mah. Davutpa\u015fa Cd. No: 101\/64 Zeytinburnu \/\u0130STANBUL\"\n\t\t\t\t\taria-label=\"Maltepe Mah. Davutpa\u015fa Cd. No: 101\/64 Zeytinburnu \/\u0130STANBUL\"\n\t\t\t><\/iframe>\n\t\t<\/div>\n\t\t\t\t\t\t<\/div>\n\t\t\t\t<\/div>\n\t\t\t\t<div class=\"elementor-element elementor-element-078ab0b elementor-widget elementor-widget-text-editor\" data-id=\"078ab0b\" data-element_type=\"widget\" data-e-type=\"widget\" data-widget_type=\"text-editor.default\">\n\t\t\t\t<div class=\"elementor-widget-container\">\n\t\t\t\t\t\t\t\t\t<a href=\"mailto:dagy@dagy.com.tr\">E: dagy@dagy.com.tr<\/a>\n<br>\n<a href=\"tel:+905323093249\">P: +90 532 309 32 49<\/a>\t\t\t\t\t\t\t\t<\/div>\n\t\t\t\t<\/div>\n\t\t\t\t<\/div>\n\t\t\t\t<\/div>\n\t\t\t\t<\/div>\n\t\t\t\t<\/div>\n\t\t<\/div>\n\t\t\t\t\t\t<\/div>\n\t\t\t\t<\/div>\n\t\t\t\t<\/div>\n\t\t\t\t<\/div>\n\t\t","protected":false},"excerpt":{"rendered":"","protected":false},"author":1,"featured_media":0,"parent":0,"menu_order":0,"comment_status":"closed","ping_status":"closed","template":"","meta":{"site-sidebar-layout":"no-sidebar","site-content-layout":"page-builder","ast-site-content-layout":"full-width-container","site-content-style":"default","site-sidebar-style":"default","ast-global-header-display":"","ast-banner-title-visibility":"","ast-main-header-display":"","ast-hfb-above-header-display":"","ast-hfb-below-header-display":"","ast-hfb-mobile-header-display":"","site-post-title":"disabled","ast-breadcrumbs-content":"","ast-featured-img":"disabled","footer-sml-layout":"","ast-disable-related-posts":"","theme-transparent-header-meta":"","adv-header-id-meta":"","stick-header-meta":"","header-above-stick-meta":"","header-main-stick-meta":"","header-below-stick-meta":"","astra-migrate-meta-layouts":"set","ast-page-background-enabled":"default","ast-page-background-meta":{"desktop":{"background-color":"var(--ast-global-color-4)","background-image":"","background-repeat":"repeat","background-position":"center center","background-size":"auto","background-attachment":"scroll","background-type":"","background-media":"","overlay-type":"","overlay-color":"","overlay-opacity":"","overlay-gradient":""},"tablet":{"background-color":"","background-image":"","background-repeat":"repeat","background-position":"center center","background-size":"auto","background-attachment":"scroll","background-type":"","background-media":"","overlay-type":"","overlay-color":"","overlay-opacity":"","overlay-gradient":""},"mobile":{"background-color":"","background-image":"","background-repeat":"repeat","background-position":"center center","background-size":"auto","background-attachment":"scroll","background-type":"","background-media":"","overlay-type":"","overlay-color":"","overlay-opacity":"","overlay-gradient":""}},"ast-content-background-meta":{"desktop":{"background-color":"var(--ast-global-color-5)","background-image":"","background-repeat":"repeat","background-position":"center center","background-size":"auto","background-attachment":"scroll","background-type":"","background-media":"","overlay-type":"","overlay-color":"","overlay-opacity":"","overlay-gradient":""},"tablet":{"background-color":"var(--ast-global-color-5)","background-image":"","background-repeat":"repeat","background-position":"center center","background-size":"auto","background-attachment":"scroll","background-type":"","background-media":"","overlay-type":"","overlay-color":"","overlay-opacity":"","overlay-gradient":""},"mobile":{"background-color":"var(--ast-global-color-5)","background-image":"","background-repeat":"repeat","background-position":"center center","background-size":"auto","background-attachment":"scroll","background-type":"","background-media":"","overlay-type":"","overlay-color":"","overlay-opacity":"","overlay-gradient":""}},"footnotes":""},"class_list":["post-513","page","type-page","status-publish","hentry"],"_links":{"self":[{"href":"http:\/\/www.dagy.com.tr\/index.php?rest_route=\/wp\/v2\/pages\/513","targetHints":{"allow":["GET"]}}],"collection":[{"href":"http:\/\/www.dagy.com.tr\/index.php?rest_route=\/wp\/v2\/pages"}],"about":[{"href":"http:\/\/www.dagy.com.tr\/index.php?rest_route=\/wp\/v2\/types\/page"}],"author":[{"embeddable":true,"href":"http:\/\/www.dagy.com.tr\/index.php?rest_route=\/wp\/v2\/users\/1"}],"replies":[{"embeddable":true,"href":"http:\/\/www.dagy.com.tr\/index.php?rest_route=%2Fwp%2Fv2%2Fcomments&post=513"}],"version-history":[{"count":26,"href":"http:\/\/www.dagy.com.tr\/index.php?rest_route=\/wp\/v2\/pages\/513\/revisions"}],"predecessor-version":[{"id":841,"href":"http:\/\/www.dagy.com.tr\/index.php?rest_route=\/wp\/v2\/pages\/513\/revisions\/841"}],"wp:attachment":[{"href":"http:\/\/www.dagy.com.tr\/index.php?rest_route=%2Fwp%2Fv2%2Fmedia&parent=513"}],"curies":[{"name":"wp","href":"https:\/\/api.w.org\/{rel}","templated":true}]}}