{"id":20,"date":"2024-07-03T14:20:57","date_gmt":"2024-07-03T14:20:57","guid":{"rendered":"http:\/\/www.dagy.com.tr\/index.php\/about\/"},"modified":"2024-12-02T15:07:59","modified_gmt":"2024-12-02T15:07:59","slug":"about","status":"publish","type":"page","link":"http:\/\/www.dagy.com.tr\/?page_id=20","title":{"rendered":"About"},"content":{"rendered":"\t\t<div data-elementor-type=\"wp-page\" data-elementor-id=\"20\" class=\"elementor elementor-20\">\n\t\t\t\t\t\t<section class=\"elementor-section elementor-top-section elementor-element elementor-element-20a373d elementor-section-boxed elementor-section-height-default elementor-section-height-default\" data-id=\"20a373d\" data-element_type=\"section\" data-e-type=\"section\" data-settings=\"{&quot;background_background&quot;:&quot;classic&quot;}\">\n\t\t\t\t\t\t\t<div class=\"elementor-background-overlay\"><\/div>\n\t\t\t\t\t\t\t<div class=\"elementor-container elementor-column-gap-no\">\n\t\t\t\t\t<div class=\"elementor-column elementor-col-100 elementor-top-column elementor-element elementor-element-a88311e\" data-id=\"a88311e\" data-element_type=\"column\" data-e-type=\"column\">\n\t\t\t<div class=\"elementor-widget-wrap elementor-element-populated\">\n\t\t\t\t\t\t<div class=\"elementor-element elementor-element-b1cb49d elementor-widget elementor-widget-heading\" data-id=\"b1cb49d\" data-element_type=\"widget\" data-e-type=\"widget\" data-widget_type=\"heading.default\">\n\t\t\t\t<div class=\"elementor-widget-container\">\n\t\t\t\t\t<h6 class=\"elementor-heading-title elementor-size-default\">Box words<\/h6>\t\t\t\t<\/div>\n\t\t\t\t<\/div>\n\t\t\t\t<div class=\"elementor-element elementor-element-3c483fd elementor-widget elementor-widget-heading\" data-id=\"3c483fd\" data-element_type=\"widget\" data-e-type=\"widget\" data-widget_type=\"heading.default\">\n\t\t\t\t<div class=\"elementor-widget-container\">\n\t\t\t\t\t<h1 class=\"elementor-heading-title elementor-size-default\">About us<\/h1>\t\t\t\t<\/div>\n\t\t\t\t<\/div>\n\t\t\t\t\t<\/div>\n\t\t<\/div>\n\t\t\t\t\t<\/div>\n\t\t<\/section>\n\t\t\t\t<section class=\"elementor-section elementor-top-section elementor-element elementor-element-c22f870 elementor-section-boxed elementor-section-height-default elementor-section-height-default\" data-id=\"c22f870\" data-element_type=\"section\" data-e-type=\"section\">\n\t\t\t\t\t\t<div class=\"elementor-container elementor-column-gap-no\">\n\t\t\t\t\t<div class=\"elementor-column elementor-col-100 elementor-top-column elementor-element elementor-element-30b260f\" data-id=\"30b260f\" data-element_type=\"column\" data-e-type=\"column\">\n\t\t\t<div class=\"elementor-widget-wrap elementor-element-populated\">\n\t\t\t\t\t\t<div class=\"elementor-element elementor-element-ee9c918 elementor-widget elementor-widget-heading\" data-id=\"ee9c918\" data-element_type=\"widget\" data-e-type=\"widget\" data-widget_type=\"heading.default\">\n\t\t\t\t<div class=\"elementor-widget-container\">\n\t\t\t\t\t<h6 class=\"elementor-heading-title elementor-size-default\">DAGY PACK<\/h6>\t\t\t\t<\/div>\n\t\t\t\t<\/div>\n\t\t\t\t<div class=\"elementor-element elementor-element-27bd3da elementor-widget elementor-widget-text-editor\" data-id=\"27bd3da\" data-element_type=\"widget\" data-e-type=\"widget\" data-widget_type=\"text-editor.default\">\n\t\t\t\t<div class=\"elementor-widget-container\">\n\t\t\t\t\t\t\t\t\t<p style=\"font-weight: 400;\">Dagy Pack 22 y\u0131l\u0131d\u0131r Taslama kutu ,Silindir kutu ve etiket \u00fcretiminde\u00a0\u00a0 faaliyetini s\u00fcrd\u00fcrerek<\/p><p style=\"font-weight: 400;\">Siz de\u011ferli m\u00fc\u015fteriline se\u00e7kin ,kaliteli ve \u015f\u0131k tasar\u0131mlar\u0131 ile hizmet vermektedir.<\/p><p style=\"font-weight: 400;\">Uzmanl\u0131\u011f\u0131m\u0131z kozmetik, m\u00fccevher, tekstil, haz\u0131r giyim, g\u0131da, z\u00fcccaciye, e-ticaret, perakende ve daha bir\u00e7ok sekt\u00f6re uzanmaktad\u0131r. M\u00fc\u015fteri memnuniyeti en b\u00fcy\u00fck \u00f6nceli\u011fimizdir ve m\u00fc\u015fterilerimizin ihtiya\u00e7lar\u0131n\u0131 aktif bir \u015fekilde dinleyerek kaliteli ve \u015f\u0131k \u00fcr\u00fcnler sunmak i\u00e7in onlarla yak\u0131n bir \u015fekilde \u00e7al\u0131\u015f\u0131yoruz. Kapsaml\u0131 \u00fcr\u00fcn yelpazemiz m\u00fccevher kutular\u0131, hediye kutular\u0131, promosyon kutular\u0131 ve parf\u00fcm kutular\u0131 gibi sert kutular\u0131 i\u00e7erir.<\/p><p style=\"font-weight: 400;\"><em>Pazar pay\u0131 h\u0131zla b\u00fcy\u00fcyen\u00a0<\/em><a href=\"https:\/\/www.artaspack.com\/encyclopedia\/silindir-kutu\/\" data-saferedirecturl=\"https:\/\/www.google.com\/url?q=https:\/\/www.artaspack.com\/encyclopedia\/silindir-kutu\/&amp;source=gmail&amp;ust=1732609456598000&amp;usg=AOvVaw3fXAtZDJs9Egp2mAMmodZp\"><em>Silindir Kutu<\/em><\/a><em>lar\u0131m\u0131z ise sundu\u011fu sa\u011flaml\u0131k ve ergonomi ile birlikte fiyat\/kalite dengesinde rakipsiz \u015fekilde zirvede yer al\u0131yor<\/em><em>.<\/em><\/p><p style=\"font-weight: 400;\"><em>Dagy Pack olarak;<\/em>\u00a0\u00a0g\u00fcncel teknolojileri takip ediyor, \u00fcr\u00fcnlerimizin \u00e7evre \u00fczerindeki etkisini en aza indiriyoruz. Ve ayr\u0131ca\u00a0 temel yasa ve y\u00f6netmeliklere uyarak, problemlere kal\u0131c\u0131 \u00e7\u00f6z\u00fcmler \u00fcretip\u00a0 ama\u00e7 ve hedeflerimiz do\u011frultusunda faaliyetlerimizi\u00a0\u00a0s\u00fcrd\u00fcr\u00fcyoruz Gelece\u011fe bak\u0131\u015f\u0131m\u0131z\u0131 iyimser k\u0131lan temel noktalar\u0131m\u0131z kalite, hassasiyet, h\u0131zl\u0131 ve g\u00fcvenilir teslimatt\u0131r<\/p>\t\t\t\t\t\t\t\t<\/div>\n\t\t\t\t<\/div>\n\t\t\t\t\t<\/div>\n\t\t<\/div>\n\t\t\t\t\t<\/div>\n\t\t<\/section>\n\t\t\t\t<section class=\"elementor-section elementor-top-section elementor-element elementor-element-237ce66 elementor-section-boxed elementor-section-height-default elementor-section-height-default\" data-id=\"237ce66\" data-element_type=\"section\" data-e-type=\"section\">\n\t\t\t\t\t\t<div class=\"elementor-container elementor-column-gap-no\">\n\t\t\t\t\t<div class=\"elementor-column elementor-col-100 elementor-top-column elementor-element elementor-element-e3dffba\" data-id=\"e3dffba\" data-element_type=\"column\" data-e-type=\"column\">\n\t\t\t<div class=\"elementor-widget-wrap elementor-element-populated\">\n\t\t\t\t\t\t<div class=\"elementor-element elementor-element-f42c5b0 elementor-widget elementor-widget-image\" data-id=\"f42c5b0\" data-element_type=\"widget\" data-e-type=\"widget\" data-widget_type=\"image.default\">\n\t\t\t\t<div class=\"elementor-widget-container\">\n\t\t\t\t\t\t\t\t\t\t\t\t\t\t\t<img fetchpriority=\"high\" decoding=\"async\" width=\"2560\" height=\"1463\" src=\"http:\/\/www.dagy.com.tr\/wp-content\/uploads\/2024\/11\/geometric-product-display-podium-gray-background-minimal-different-shapes-scene-stage-showcase-stand-product-promotion-presentation-ai-generative-scaled.jpg\" class=\"attachment-full size-full wp-image-767\" alt=\"\" srcset=\"http:\/\/www.dagy.com.tr\/wp-content\/uploads\/2024\/11\/geometric-product-display-podium-gray-background-minimal-different-shapes-scene-stage-showcase-stand-product-promotion-presentation-ai-generative-scaled.jpg 2560w, http:\/\/www.dagy.com.tr\/wp-content\/uploads\/2024\/11\/geometric-product-display-podium-gray-background-minimal-different-shapes-scene-stage-showcase-stand-product-promotion-presentation-ai-generative-300x171.jpg 300w, http:\/\/www.dagy.com.tr\/wp-content\/uploads\/2024\/11\/geometric-product-display-podium-gray-background-minimal-different-shapes-scene-stage-showcase-stand-product-promotion-presentation-ai-generative-1024x585.jpg 1024w, http:\/\/www.dagy.com.tr\/wp-content\/uploads\/2024\/11\/geometric-product-display-podium-gray-background-minimal-different-shapes-scene-stage-showcase-stand-product-promotion-presentation-ai-generative-768x439.jpg 768w, http:\/\/www.dagy.com.tr\/wp-content\/uploads\/2024\/11\/geometric-product-display-podium-gray-background-minimal-different-shapes-scene-stage-showcase-stand-product-promotion-presentation-ai-generative-1536x878.jpg 1536w, http:\/\/www.dagy.com.tr\/wp-content\/uploads\/2024\/11\/geometric-product-display-podium-gray-background-minimal-different-shapes-scene-stage-showcase-stand-product-promotion-presentation-ai-generative-2048x1170.jpg 2048w, http:\/\/www.dagy.com.tr\/wp-content\/uploads\/2024\/11\/geometric-product-display-podium-gray-background-minimal-different-shapes-scene-stage-showcase-stand-product-promotion-presentation-ai-generative-600x343.jpg 600w\" sizes=\"(max-width: 2560px) 100vw, 2560px\" \/>\t\t\t\t\t\t\t\t\t\t\t\t\t\t\t<\/div>\n\t\t\t\t<\/div>\n\t\t\t\t\t<\/div>\n\t\t<\/div>\n\t\t\t\t\t<\/div>\n\t\t<\/section>\n\t\t\t\t<section class=\"elementor-section elementor-top-section elementor-element elementor-element-6fadcf8 elementor-section-boxed elementor-section-height-default elementor-section-height-default\" data-id=\"6fadcf8\" data-element_type=\"section\" data-e-type=\"section\">\n\t\t\t\t\t\t<div class=\"elementor-container elementor-column-gap-no\">\n\t\t\t\t\t<div class=\"elementor-column elementor-col-100 elementor-top-column elementor-element elementor-element-f066f44\" data-id=\"f066f44\" data-element_type=\"column\" data-e-type=\"column\">\n\t\t\t<div class=\"elementor-widget-wrap elementor-element-populated\">\n\t\t\t\t\t\t<div class=\"elementor-element elementor-element-91f4f61 elementor-widget elementor-widget-heading\" data-id=\"91f4f61\" data-element_type=\"widget\" data-e-type=\"widget\" data-widget_type=\"heading.default\">\n\t\t\t\t<div class=\"elementor-widget-container\">\n\t\t\t\t\t<h6 class=\"elementor-heading-title elementor-size-default\">DAGY MASURA<\/h6>\t\t\t\t<\/div>\n\t\t\t\t<\/div>\n\t\t\t\t<div class=\"elementor-element elementor-element-05c874c elementor-widget elementor-widget-heading\" data-id=\"05c874c\" data-element_type=\"widget\" data-e-type=\"widget\" data-widget_type=\"heading.default\">\n\t\t\t\t<div class=\"elementor-widget-container\">\n\t\t\t\t\t<h4 class=\"elementor-heading-title elementor-size-default\">S\u0130L\u0130ND\u0130R \/ MASURA \u00dcRET\u0130M\u0130<\/h4>\t\t\t\t<\/div>\n\t\t\t\t<\/div>\n\t\t\t\t<div class=\"elementor-element elementor-element-fa25b0d elementor-widget elementor-widget-text-editor\" data-id=\"fa25b0d\" data-element_type=\"widget\" data-e-type=\"widget\" data-widget_type=\"text-editor.default\">\n\t\t\t\t<div class=\"elementor-widget-container\">\n\t\t\t\t\t\t\t\t\t<p><br \/>2002&#8217;den beri \u0131smarlama ambalaj \u00e7\u00f6z\u00fcmleri yaratmada \u00f6n s\u0131ralarda yer al\u0131yoruz. <br \/>D\u00fcnyan\u0131n her yerindeki \u00f6nde gelen markalar\u0131yla \u00e7al\u0131\u015farak tasar\u0131m, m\u00fchendislik, \u00fcretim ve da\u011f\u0131t\u0131m <br \/>alanlar\u0131nda uzmanla\u015farak size eksiksiz bir paket sunuyoruz.<\/p>\t\t\t\t\t\t\t\t<\/div>\n\t\t\t\t<\/div>\n\t\t\t\t\t<\/div>\n\t\t<\/div>\n\t\t\t\t\t<\/div>\n\t\t<\/section>\n\t\t\t\t<section class=\"elementor-section elementor-top-section elementor-element elementor-element-b199849 elementor-section-full_width elementor-section-height-min-height elementor-section-height-default elementor-section-items-middle\" data-id=\"b199849\" data-element_type=\"section\" data-e-type=\"section\" data-settings=\"{&quot;background_background&quot;:&quot;classic&quot;}\">\n\t\t\t\t\t\t<div class=\"elementor-container elementor-column-gap-no\">\n\t\t\t\t\t<div class=\"elementor-column elementor-col-100 elementor-top-column elementor-element elementor-element-26448ad\" data-id=\"26448ad\" data-element_type=\"column\" data-e-type=\"column\">\n\t\t\t<div class=\"elementor-widget-wrap\">\n\t\t\t\t\t\t\t<\/div>\n\t\t<\/div>\n\t\t\t\t\t<\/div>\n\t\t<\/section>\n\t\t\t\t<section class=\"elementor-section elementor-top-section elementor-element elementor-element-dc041b2 elementor-reverse-mobile elementor-section-boxed elementor-section-height-default elementor-section-height-default\" data-id=\"dc041b2\" data-element_type=\"section\" data-e-type=\"section\">\n\t\t\t\t\t\t<div class=\"elementor-container elementor-column-gap-no\">\n\t\t\t\t\t<div class=\"elementor-column elementor-col-50 elementor-top-column elementor-element elementor-element-8b7b7f4\" data-id=\"8b7b7f4\" data-element_type=\"column\" data-e-type=\"column\">\n\t\t\t<div class=\"elementor-widget-wrap elementor-element-populated\">\n\t\t\t\t\t\t<div class=\"elementor-element elementor-element-d90be5c elementor-widget elementor-widget-heading\" data-id=\"d90be5c\" data-element_type=\"widget\" data-e-type=\"widget\" data-widget_type=\"heading.default\">\n\t\t\t\t<div class=\"elementor-widget-container\">\n\t\t\t\t\t<h6 class=\"elementor-heading-title elementor-size-default\">DAGY CYLINDER BOX<\/h6>\t\t\t\t<\/div>\n\t\t\t\t<\/div>\n\t\t\t\t<div class=\"elementor-element elementor-element-b28b9bc elementor-widget elementor-widget-heading\" data-id=\"b28b9bc\" data-element_type=\"widget\" data-e-type=\"widget\" data-widget_type=\"heading.default\">\n\t\t\t\t<div class=\"elementor-widget-container\">\n\t\t\t\t\t<h2 class=\"elementor-heading-title elementor-size-default\">Mission<\/h2>\t\t\t\t<\/div>\n\t\t\t\t<\/div>\n\t\t\t\t<div class=\"elementor-element elementor-element-4921684 elementor-widget elementor-widget-text-editor\" data-id=\"4921684\" data-element_type=\"widget\" data-e-type=\"widget\" data-widget_type=\"text-editor.default\">\n\t\t\t\t<div class=\"elementor-widget-container\">\n\t\t\t\t\t\t\t\t\t<p>Y\u00fcksek kalitede en iyi hizmeti son teknoloji,\u00a0 uygun zaman ve maliyet ile \u00fcretip m\u00fc\u015fterilerimize sunmak ve \u00e7al\u0131\u015fmalar\u0131na ortak olmak DagyPack \u2019in hedeflerinden biridir.<\/p><p>Ve ayr\u0131ca;<br \/>. \u00c7al\u0131\u015fma sistemini uluslararas\u0131 kurulu\u015flarca onaylanan ve tan\u0131nan \u00f6rnek bir sisteme d\u00f6n\u00fc\u015ft\u00fcrmek.<br \/>. M\u00fc\u015fteri talep ve beklentilerinin \u00fczerinde \u00fcr\u00fcn ve hizmetler sunarak, m\u00fc\u015fteri memnuniyeti ilkesinden asla taviz vermeden ilerlemek.<br \/>.T\u00fcrkiye de ve d\u00fcnyada t\u00fcketiciyi korumak e\u011fitmek ve bilin\u00e7lendirmek.<br \/>. \u00c7evre kirlili\u011finin \u00f6nlenmesi a\u00e7\u0131s\u0131ndan \u00fcst\u00fcne d\u00fc\u015fen g\u00f6revleri yerine getirmek.<\/p>\t\t\t\t\t\t\t\t<\/div>\n\t\t\t\t<\/div>\n\t\t\t\t\t<\/div>\n\t\t<\/div>\n\t\t\t\t<div class=\"elementor-column elementor-col-50 elementor-top-column elementor-element elementor-element-9c3a5b8\" data-id=\"9c3a5b8\" data-element_type=\"column\" data-e-type=\"column\" data-settings=\"{&quot;background_background&quot;:&quot;classic&quot;}\">\n\t\t\t<div class=\"elementor-widget-wrap elementor-element-populated\">\n\t\t\t\t\t\t<div class=\"elementor-element elementor-element-b79885e elementor-widget__width-initial elementor-widget elementor-widget-spacer\" data-id=\"b79885e\" data-element_type=\"widget\" data-e-type=\"widget\" data-widget_type=\"spacer.default\">\n\t\t\t\t<div class=\"elementor-widget-container\">\n\t\t\t\t\t\t\t<div class=\"elementor-spacer\">\n\t\t\t<div class=\"elementor-spacer-inner\"><\/div>\n\t\t<\/div>\n\t\t\t\t\t\t<\/div>\n\t\t\t\t<\/div>\n\t\t\t\t\t<\/div>\n\t\t<\/div>\n\t\t\t\t\t<\/div>\n\t\t<\/section>\n\t\t<div class=\"elementor-element elementor-element-9e26bd1 e-con-full e-flex e-con e-parent\" data-id=\"9e26bd1\" data-element_type=\"container\" data-e-type=\"container\">\n\t\t\t\t<div class=\"elementor-element elementor-element-3b777e1 elementor-widget__width-inherit elementor-widget elementor-widget-shortcode\" data-id=\"3b777e1\" data-element_type=\"widget\" data-e-type=\"widget\" data-widget_type=\"shortcode.default\">\n\t\t\t\t<div class=\"elementor-widget-container\">\n\t\t\t\t\t\t\t<div class=\"elementor-shortcode\">\t\t<div data-elementor-type=\"wp-post\" data-elementor-id=\"571\" class=\"elementor elementor-571\">\n\t\t\t\t<div class=\"elementor-element elementor-element-182f0a0 e-con-full e-flex e-con e-parent\" data-id=\"182f0a0\" data-element_type=\"container\" data-e-type=\"container\" data-settings=\"{&quot;background_background&quot;:&quot;classic&quot;}\">\n\t\t<div class=\"elementor-element elementor-element-4efabb1 e-con-full e-flex e-con e-child\" data-id=\"4efabb1\" data-element_type=\"container\" data-e-type=\"container\">\n\t\t<div class=\"elementor-element elementor-element-1b4f505 e-con-full e-flex e-con e-child\" data-id=\"1b4f505\" data-element_type=\"container\" data-e-type=\"container\">\n\t\t\t\t<div class=\"elementor-element elementor-element-7817376 elementor-widget elementor-widget-heading\" data-id=\"7817376\" data-element_type=\"widget\" data-e-type=\"widget\" data-widget_type=\"heading.default\">\n\t\t\t\t<div class=\"elementor-widget-container\">\n\t\t\t\t\t<h2 class=\"elementor-heading-title elementor-size-default\">Dagy Etiket Matbaa<\/h2>\t\t\t\t<\/div>\n\t\t\t\t<\/div>\n\t\t\t\t<div class=\"elementor-element elementor-element-56d2164 elementor-widget-divider--view-line elementor-widget elementor-widget-divider\" data-id=\"56d2164\" data-element_type=\"widget\" data-e-type=\"widget\" data-widget_type=\"divider.default\">\n\t\t\t\t<div class=\"elementor-widget-container\">\n\t\t\t\t\t\t\t<div class=\"elementor-divider\">\n\t\t\t<span class=\"elementor-divider-separator\">\n\t\t\t\t\t\t<\/span>\n\t\t<\/div>\n\t\t\t\t\t\t<\/div>\n\t\t\t\t<\/div>\n\t\t\t\t<div class=\"elementor-element elementor-element-be5a3e0 elementor-widget elementor-widget-text-editor\" data-id=\"be5a3e0\" data-element_type=\"widget\" data-e-type=\"widget\" data-widget_type=\"text-editor.default\">\n\t\t\t\t<div class=\"elementor-widget-container\">\n\t\t\t\t\t\t\t\t\t<p><strong>Dagy Pack<\/strong> olarak T\u00fcrkiye\u2019nin en b\u00fcy\u00fck Silindir Kutu \u00fcretimini kendi fabrikam\u0131zda yap\u0131yoruz. <br \/>Se\u00e7kin ve s\u0131n\u0131rs\u0131z tasar\u0131m se\u00e7enekleriyle Silindir Kutular\u0131m\u0131z\u0131n etkileyici deneyimini size ve m\u00fc\u015fterilerinize sunuyoruz.<\/p>\t\t\t\t\t\t\t\t<\/div>\n\t\t\t\t<\/div>\n\t\t\t\t<\/div>\n\t\t<div class=\"elementor-element elementor-element-e407831 e-con-full e-flex e-con e-child\" data-id=\"e407831\" data-element_type=\"container\" data-e-type=\"container\">\n\t\t\t\t<div class=\"elementor-element elementor-element-e3c3d8d elementor-widget elementor-widget-heading\" data-id=\"e3c3d8d\" data-element_type=\"widget\" data-e-type=\"widget\" data-widget_type=\"heading.default\">\n\t\t\t\t<div class=\"elementor-widget-container\">\n\t\t\t\t\t<h2 class=\"elementor-heading-title elementor-size-default\">Sitemizi Ke\u015ffedin<\/h2>\t\t\t\t<\/div>\n\t\t\t\t<\/div>\n\t\t\t\t<div class=\"elementor-element elementor-element-8184149 elementor-widget-divider--view-line elementor-widget elementor-widget-divider\" data-id=\"8184149\" data-element_type=\"widget\" data-e-type=\"widget\" data-widget_type=\"divider.default\">\n\t\t\t\t<div class=\"elementor-widget-container\">\n\t\t\t\t\t\t\t<div class=\"elementor-divider\">\n\t\t\t<span class=\"elementor-divider-separator\">\n\t\t\t\t\t\t<\/span>\n\t\t<\/div>\n\t\t\t\t\t\t<\/div>\n\t\t\t\t<\/div>\n\t\t\t\t<div class=\"elementor-element elementor-element-c8e69c3  footer-ul elementor-widget elementor-widget-text-editor\" data-id=\"c8e69c3\" data-element_type=\"widget\" data-e-type=\"widget\" data-widget_type=\"text-editor.default\">\n\t\t\t\t<div class=\"elementor-widget-container\">\n\t\t\t\t\t\t\t\t\t<ul style=\"list-style-type: none;\"><li class=\"footer-ul-li\"><a href=\"https:\/\/www.dagy.com.tr\/?page_id=525\">Etiket \/ Matbaa<\/a><\/li><li class=\"footer-ul-li\"><a href=\"https:\/\/www.dagy.com.tr\/?page_id=513\">Referanslar\u0131m\u0131z<\/a><\/li><li class=\"footer-ul-li\"><a href=\"https:\/\/www.dagy.com.tr\/?page_id=20\">Hakk\u0131m\u0131zda<\/a><\/li><li class=\"footer-ul-li\"><a href=\"https:\/\/www.dagy.com.tr\/?page_id=22\">\u0130leti\u015fim<\/a><\/li><li class=\"footer-ul-li\"><a href=\"https:\/\/www.dagy.com.tr\/?page_id=533\">Taslama Kutu<\/a><\/li><li class=\"footer-ul-li\"><a href=\"https:\/\/www.dagy.com.tr\/?page_id=541\">Silindir Kutu<\/a><\/li><li class=\"footer-ul-li\"><a href=\"https:\/\/www.dagy.com.tr\/?page_id=548\">Karton Kutu<\/a><\/li><\/ul>\t\t\t\t\t\t\t\t<\/div>\n\t\t\t\t<\/div>\n\t\t\t\t<\/div>\n\t\t<div class=\"elementor-element elementor-element-f71fa5f e-con-full e-flex e-con e-child\" data-id=\"f71fa5f\" data-element_type=\"container\" data-e-type=\"container\">\n\t\t\t\t<div class=\"elementor-element elementor-element-46c1a52 elementor-widget elementor-widget-heading\" data-id=\"46c1a52\" data-element_type=\"widget\" data-e-type=\"widget\" data-widget_type=\"heading.default\">\n\t\t\t\t<div class=\"elementor-widget-container\">\n\t\t\t\t\t<h2 class=\"elementor-heading-title elementor-size-default\">Bize Ula\u015f\u0131n<\/h2>\t\t\t\t<\/div>\n\t\t\t\t<\/div>\n\t\t\t\t<div class=\"elementor-element elementor-element-51d15a3 elementor-widget-divider--view-line elementor-widget elementor-widget-divider\" data-id=\"51d15a3\" data-element_type=\"widget\" data-e-type=\"widget\" data-widget_type=\"divider.default\">\n\t\t\t\t<div class=\"elementor-widget-container\">\n\t\t\t\t\t\t\t<div class=\"elementor-divider\">\n\t\t\t<span class=\"elementor-divider-separator\">\n\t\t\t\t\t\t<\/span>\n\t\t<\/div>\n\t\t\t\t\t\t<\/div>\n\t\t\t\t<\/div>\n\t\t\t\t<div class=\"elementor-element elementor-element-3c4b34f elementor-widget elementor-widget-google_maps\" data-id=\"3c4b34f\" data-element_type=\"widget\" data-e-type=\"widget\" data-widget_type=\"google_maps.default\">\n\t\t\t\t<div class=\"elementor-widget-container\">\n\t\t\t\t\t\t\t<div class=\"elementor-custom-embed\">\n\t\t\t<iframe loading=\"lazy\"\n\t\t\t\t\tsrc=\"https:\/\/maps.google.com\/maps?q=Maltepe%20Mah.%20Davutpa%C5%9Fa%20Cd.%20No%3A%20101%2F64%20Zeytinburnu%20%2F%C4%B0STANBUL&#038;t=m&#038;z=10&#038;output=embed&#038;iwloc=near\"\n\t\t\t\t\ttitle=\"Maltepe Mah. Davutpa\u015fa Cd. No: 101\/64 Zeytinburnu \/\u0130STANBUL\"\n\t\t\t\t\taria-label=\"Maltepe Mah. Davutpa\u015fa Cd. No: 101\/64 Zeytinburnu \/\u0130STANBUL\"\n\t\t\t><\/iframe>\n\t\t<\/div>\n\t\t\t\t\t\t<\/div>\n\t\t\t\t<\/div>\n\t\t\t\t<div class=\"elementor-element elementor-element-078ab0b elementor-widget elementor-widget-text-editor\" data-id=\"078ab0b\" data-element_type=\"widget\" data-e-type=\"widget\" data-widget_type=\"text-editor.default\">\n\t\t\t\t<div class=\"elementor-widget-container\">\n\t\t\t\t\t\t\t\t\t<a href=\"mailto:dagy@dagy.com.tr\">E: dagy@dagy.com.tr<\/a>\n<br>\n<a href=\"tel:+905323093249\">P: +90 532 309 32 49<\/a>\t\t\t\t\t\t\t\t<\/div>\n\t\t\t\t<\/div>\n\t\t\t\t<\/div>\n\t\t\t\t<\/div>\n\t\t\t\t<\/div>\n\t\t\t\t<\/div>\n\t\t<\/div>\n\t\t\t\t\t\t<\/div>\n\t\t\t\t<\/div>\n\t\t\t\t<\/div>\n\t\t\t\t<\/div>\n\t\t","protected":false},"excerpt":{"rendered":"<p>Box words About us DAGY PACK Dagy Pack 22 y\u0131l\u0131d\u0131r Taslama kutu ,Silindir kutu ve etiket \u00fcretiminde\u00a0\u00a0 faaliyetini s\u00fcrd\u00fcrerek Siz de\u011ferli m\u00fc\u015fteriline se\u00e7kin ,kaliteli ve \u015f\u0131k tasar\u0131mlar\u0131 ile hizmet vermektedir. Uzmanl\u0131\u011f\u0131m\u0131z kozmetik, m\u00fccevher, tekstil, haz\u0131r giyim, g\u0131da, z\u00fcccaciye, e-ticaret, perakende ve daha bir\u00e7ok sekt\u00f6re uzanmaktad\u0131r. M\u00fc\u015fteri memnuniyeti en b\u00fcy\u00fck \u00f6nceli\u011fimizdir ve m\u00fc\u015fterilerimizin ihtiya\u00e7lar\u0131n\u0131 aktif bir [&hellip;]<\/p>\n","protected":false},"author":1,"featured_media":0,"parent":0,"menu_order":0,"comment_status":"closed","ping_status":"closed","template":"","meta":{"site-sidebar-layout":"no-sidebar","site-content-layout":"page-builder","ast-site-content-layout":"default","site-content-style":"default","site-sidebar-style":"default","ast-global-header-display":"","ast-banner-title-visibility":"","ast-main-header-display":"","ast-hfb-above-header-display":"","ast-hfb-below-header-display":"","ast-hfb-mobile-header-display":"","site-post-title":"disabled","ast-breadcrumbs-content":"","ast-featured-img":"disabled","footer-sml-layout":"","ast-disable-related-posts":"","theme-transparent-header-meta":"disabled","adv-header-id-meta":"","stick-header-meta":"","header-above-stick-meta":"","header-main-stick-meta":"","header-below-stick-meta":"","astra-migrate-meta-layouts":"default","ast-page-background-enabled":"default","ast-page-background-meta":{"desktop":{"background-color":"var(--ast-global-color-4)","background-image":"","background-repeat":"repeat","background-position":"center center","background-size":"auto","background-attachment":"scroll","background-type":"","background-media":"","overlay-type":"","overlay-color":"","overlay-opacity":"","overlay-gradient":""},"tablet":{"background-color":"","background-image":"","background-repeat":"repeat","background-position":"center center","background-size":"auto","background-attachment":"scroll","background-type":"","background-media":"","overlay-type":"","overlay-color":"","overlay-opacity":"","overlay-gradient":""},"mobile":{"background-color":"","background-image":"","background-repeat":"repeat","background-position":"center center","background-size":"auto","background-attachment":"scroll","background-type":"","background-media":"","overlay-type":"","overlay-color":"","overlay-opacity":"","overlay-gradient":""}},"ast-content-background-meta":{"desktop":{"background-color":"var(--ast-global-color-5)","background-image":"","background-repeat":"repeat","background-position":"center center","background-size":"auto","background-attachment":"scroll","background-type":"","background-media":"","overlay-type":"","overlay-color":"","overlay-opacity":"","overlay-gradient":""},"tablet":{"background-color":"var(--ast-global-color-5)","background-image":"","background-repeat":"repeat","background-position":"center center","background-size":"auto","background-attachment":"scroll","background-type":"","background-media":"","overlay-type":"","overlay-color":"","overlay-opacity":"","overlay-gradient":""},"mobile":{"background-color":"var(--ast-global-color-5)","background-image":"","background-repeat":"repeat","background-position":"center center","background-size":"auto","background-attachment":"scroll","background-type":"","background-media":"","overlay-type":"","overlay-color":"","overlay-opacity":"","overlay-gradient":""}},"footnotes":""},"class_list":["post-20","page","type-page","status-publish","hentry"],"_links":{"self":[{"href":"http:\/\/www.dagy.com.tr\/index.php?rest_route=\/wp\/v2\/pages\/20","targetHints":{"allow":["GET"]}}],"collection":[{"href":"http:\/\/www.dagy.com.tr\/index.php?rest_route=\/wp\/v2\/pages"}],"about":[{"href":"http:\/\/www.dagy.com.tr\/index.php?rest_route=\/wp\/v2\/types\/page"}],"author":[{"embeddable":true,"href":"http:\/\/www.dagy.com.tr\/index.php?rest_route=\/wp\/v2\/users\/1"}],"replies":[{"embeddable":true,"href":"http:\/\/www.dagy.com.tr\/index.php?rest_route=%2Fwp%2Fv2%2Fcomments&post=20"}],"version-history":[{"count":69,"href":"http:\/\/www.dagy.com.tr\/index.php?rest_route=\/wp\/v2\/pages\/20\/revisions"}],"predecessor-version":[{"id":934,"href":"http:\/\/www.dagy.com.tr\/index.php?rest_route=\/wp\/v2\/pages\/20\/revisions\/934"}],"wp:attachment":[{"href":"http:\/\/www.dagy.com.tr\/index.php?rest_route=%2Fwp%2Fv2%2Fmedia&parent=20"}],"curies":[{"name":"wp","href":"https:\/\/api.w.org\/{rel}","templated":true}]}}